{"id":367,"date":"2023-07-02T05:10:00","date_gmt":"2023-07-02T05:10:00","guid":{"rendered":"https:\/\/bissit.tech\/?page_id=367"},"modified":"2023-07-03T14:56:00","modified_gmt":"2023-07-03T14:56:00","slug":"sobre-nosotros","status":"publish","type":"page","link":"https:\/\/bissit.tech\/?page_id=367","title":{"rendered":"Sobre Nosotros"},"content":{"rendered":"\t\t<div data-elementor-type=\"wp-page\" data-elementor-id=\"367\" class=\"elementor elementor-367\">\n\t\t\t\t\t\t\t\t\t<section class=\"elementor-section elementor-top-section elementor-element elementor-element-8579005 elementor-section-content-middle elementor-section-boxed elementor-section-height-default elementor-section-height-default\" data-id=\"8579005\" data-element_type=\"section\" data-settings=\"{&quot;background_background&quot;:&quot;classic&quot;}\">\n\t\t\t\t\t\t<div class=\"elementor-container elementor-column-gap-no\">\n\t\t\t\t\t<div class=\"elementor-column elementor-col-100 elementor-top-column elementor-element elementor-element-726b2af5\" data-id=\"726b2af5\" data-element_type=\"column\">\n\t\t\t<div class=\"elementor-widget-wrap elementor-element-populated\">\n\t\t\t\t\t\t\t\t<div class=\"elementor-element elementor-element-261d4b36 elementor-widget elementor-widget-image\" data-id=\"261d4b36\" data-element_type=\"widget\" data-widget_type=\"image.default\">\n\t\t\t\t<div class=\"elementor-widget-container\">\n\t\t\t<style>\/*! elementor - v3.14.0 - 26-06-2023 *\/\n.elementor-widget-image{text-align:center}.elementor-widget-image a{display:inline-block}.elementor-widget-image a img[src$=\".svg\"]{width:48px}.elementor-widget-image img{vertical-align:middle;display:inline-block}<\/style>\t\t\t\t\t\t\t\t\t\t\t\t<img loading=\"lazy\" decoding=\"async\" width=\"2560\" height=\"1920\" src=\"https:\/\/bissit.tech\/wp-content\/uploads\/2023\/07\/product-school-XZkk5xT8Xrk-unsplash-scaled.jpg\" class=\"attachment-full size-full wp-image-524\" alt=\"\" srcset=\"https:\/\/bissit.tech\/wp-content\/uploads\/2023\/07\/product-school-XZkk5xT8Xrk-unsplash-scaled.jpg 2560w, https:\/\/bissit.tech\/wp-content\/uploads\/2023\/07\/product-school-XZkk5xT8Xrk-unsplash-300x225.jpg 300w, https:\/\/bissit.tech\/wp-content\/uploads\/2023\/07\/product-school-XZkk5xT8Xrk-unsplash-1024x768.jpg 1024w, https:\/\/bissit.tech\/wp-content\/uploads\/2023\/07\/product-school-XZkk5xT8Xrk-unsplash-768x576.jpg 768w, https:\/\/bissit.tech\/wp-content\/uploads\/2023\/07\/product-school-XZkk5xT8Xrk-unsplash-1536x1152.jpg 1536w, https:\/\/bissit.tech\/wp-content\/uploads\/2023\/07\/product-school-XZkk5xT8Xrk-unsplash-2048x1536.jpg 2048w\" sizes=\"auto, (max-width: 2560px) 100vw, 2560px\" \/>\t\t\t\t\t\t\t\t\t\t\t\t\t\t\t<\/div>\n\t\t\t\t<\/div>\n\t\t\t\t<div class=\"elementor-element elementor-element-3dd41dc5 elementor-widget elementor-widget-heading\" data-id=\"3dd41dc5\" data-element_type=\"widget\" data-widget_type=\"heading.default\">\n\t\t\t\t<div class=\"elementor-widget-container\">\n\t\t\t<style>\/*! elementor - v3.14.0 - 26-06-2023 *\/\n.elementor-heading-title{padding:0;margin:0;line-height:1}.elementor-widget-heading .elementor-heading-title[class*=elementor-size-]>a{color:inherit;font-size:inherit;line-height:inherit}.elementor-widget-heading .elementor-heading-title.elementor-size-small{font-size:15px}.elementor-widget-heading .elementor-heading-title.elementor-size-medium{font-size:19px}.elementor-widget-heading .elementor-heading-title.elementor-size-large{font-size:29px}.elementor-widget-heading .elementor-heading-title.elementor-size-xl{font-size:39px}.elementor-widget-heading .elementor-heading-title.elementor-size-xxl{font-size:59px}<\/style><h3 class=\"elementor-heading-title elementor-size-default\">SOBRE NOSOTROS <\/h3>\t\t<\/div>\n\t\t\t\t<\/div>\n\t\t\t\t<div class=\"elementor-element elementor-element-41ca2c08 elementor-widget elementor-widget-text-editor\" data-id=\"41ca2c08\" data-element_type=\"widget\" data-widget_type=\"text-editor.default\">\n\t\t\t\t<div class=\"elementor-widget-container\">\n\t\t\t<style>\/*! elementor - v3.14.0 - 26-06-2023 *\/\n.elementor-widget-text-editor.elementor-drop-cap-view-stacked .elementor-drop-cap{background-color:#69727d;color:#fff}.elementor-widget-text-editor.elementor-drop-cap-view-framed .elementor-drop-cap{color:#69727d;border:3px solid;background-color:transparent}.elementor-widget-text-editor:not(.elementor-drop-cap-view-default) .elementor-drop-cap{margin-top:8px}.elementor-widget-text-editor:not(.elementor-drop-cap-view-default) .elementor-drop-cap-letter{width:1em;height:1em}.elementor-widget-text-editor .elementor-drop-cap{float:left;text-align:center;line-height:1;font-size:50px}.elementor-widget-text-editor .elementor-drop-cap-letter{display:inline-block}<\/style>\t\t\t\t<p><span>Nos complace presentarte nuestra empresa de servicios de tecnolog\u00eda de la informaci\u00f3n (IT). En nuestra empresa, nos dedicamos a ofrecer soluciones web de vanguardia y servicios personalizados para satisfacer las necesidades digitales de nuestros clientes.<\/span><\/p><p><span>En primer lugar, nos enorgullece contar con un equipo altamente calificado de desarrolladores web y dise\u00f1adores creativos. Nuestros expertos en desarrollo web est\u00e1n desarrollados con una amplia gama de tecnolog\u00edas y marcos de trabajo, lo que nos permite crear sitios web din\u00e1micos, intuitivos y visualmente atractivos. Ya sea que necesite un sitio web de comercio electr\u00f3nico, una plataforma de blogs o un sitio corporativo, estamos preparados para ofrecerte resultados destacados.<\/span><\/p><p><span>Nuestro enfoque se basa en la comprensi\u00f3n de sus necesidades y objetivos comerciales. Antes de iniciar cualquier proyecto, nos tomamos el tiempo para escuchar tus ideas y comprender a fondo tu visi\u00f3n. Esto nos permite crear soluciones a medida que se adaptan perfectamente a tu marca y te ayudan a destacar en el mercado digital.<\/span><\/p><p><span>Adem\u00e1s del desarrollo web, tambi\u00e9n ofrecemos una amplia gama de servicios relacionados. Esto incluye dise\u00f1o de interfaces de usuario (UI), optimizaci\u00f3n de la experiencia del usuario (UX), desarrollo de aplicaciones web y m\u00f3viles, integraci\u00f3n de sistemas, servicios de comercio electr\u00f3nico y gesti\u00f3n de contenido. Nuestro objetivo es brindar una experiencia integral a nuestros clientes y convertir sus ideas en realidades digitales exitosas.<\/span><\/p>\t\t\t\t\t\t<\/div>\n\t\t\t\t<\/div>\n\t\t\t\t<div class=\"elementor-element elementor-element-06016c7 elementor-widget elementor-widget-image\" data-id=\"06016c7\" data-element_type=\"widget\" data-widget_type=\"image.default\">\n\t\t\t\t<div class=\"elementor-widget-container\">\n\t\t\t\t\t\t\t\t\t\t\t\t\t\t\t<img loading=\"lazy\" decoding=\"async\" width=\"1024\" height=\"702\" src=\"https:\/\/bissit.tech\/wp-content\/uploads\/2023\/07\/annie-spratt-sggw4-qDD54-unsplash-1024x702.jpg\" class=\"attachment-large size-large wp-image-523\" alt=\"\" srcset=\"https:\/\/bissit.tech\/wp-content\/uploads\/2023\/07\/annie-spratt-sggw4-qDD54-unsplash-1024x702.jpg 1024w, https:\/\/bissit.tech\/wp-content\/uploads\/2023\/07\/annie-spratt-sggw4-qDD54-unsplash-300x206.jpg 300w, https:\/\/bissit.tech\/wp-content\/uploads\/2023\/07\/annie-spratt-sggw4-qDD54-unsplash-768x526.jpg 768w, https:\/\/bissit.tech\/wp-content\/uploads\/2023\/07\/annie-spratt-sggw4-qDD54-unsplash-1536x1052.jpg 1536w, https:\/\/bissit.tech\/wp-content\/uploads\/2023\/07\/annie-spratt-sggw4-qDD54-unsplash-2048x1403.jpg 2048w\" sizes=\"auto, (max-width: 1024px) 100vw, 1024px\" \/>\t\t\t\t\t\t\t\t\t\t\t\t\t\t\t<\/div>\n\t\t\t\t<\/div>\n\t\t\t\t<section class=\"elementor-section elementor-inner-section elementor-element elementor-element-70f8a680 elementor-section-boxed elementor-section-height-default elementor-section-height-default\" data-id=\"70f8a680\" data-element_type=\"section\">\n\t\t\t\t\t\t<div class=\"elementor-container elementor-column-gap-default\">\n\t\t\t\t\t<div class=\"elementor-column elementor-col-50 elementor-inner-column elementor-element elementor-element-3b4abb4b\" data-id=\"3b4abb4b\" data-element_type=\"column\">\n\t\t\t<div class=\"elementor-widget-wrap elementor-element-populated\">\n\t\t\t\t\t\t\t\t<div class=\"elementor-element elementor-element-3e257faa elementor-widget elementor-widget-text-editor\" data-id=\"3e257faa\" data-element_type=\"widget\" data-widget_type=\"text-editor.default\">\n\t\t\t\t<div class=\"elementor-widget-container\">\n\t\t\t\t\t\t\t<p><span>Nos enorgullece decir que mantenemos altos est\u00e1ndares de calidad en todos nuestros proyectos. <\/span><span>Utilizamos las mejores pr\u00e1cticas de desarrollo web, nos mantenemos al tanto de las \u00faltimas tendencias y nos esforzamos por cumplir con los plazos acordados. <\/span><span>Nuestra atenci\u00f3n meticulosa a los detalles y nuestro enfoque en la excelencia nos han ayudado a construir relaciones duraderas con nuestros clientes.<\/span><\/p>\t\t\t\t\t\t<\/div>\n\t\t\t\t<\/div>\n\t\t\t\t\t<\/div>\n\t\t<\/div>\n\t\t\t\t<div class=\"elementor-column elementor-col-50 elementor-inner-column elementor-element elementor-element-1a0da1c0\" data-id=\"1a0da1c0\" data-element_type=\"column\">\n\t\t\t<div class=\"elementor-widget-wrap elementor-element-populated\">\n\t\t\t\t\t\t\t\t<div class=\"elementor-element elementor-element-736eee17 elementor-widget elementor-widget-text-editor\" data-id=\"736eee17\" data-element_type=\"widget\" data-widget_type=\"text-editor.default\">\n\t\t\t\t<div class=\"elementor-widget-container\">\n\t\t\t\t\t\t\t<p><span>Nuestra empresa de servicios IT se especializa en el desarrollo web personalizado, el dise\u00f1o creativo y la entrega de soluciones digitales de alta calidad. <\/span><span>Estamos comprometidos con la satisfacci\u00f3n del cliente y nos enorgullece proporcionar resultados excepcionales. <\/span><span>Si est\u00e1s buscando llevar a cabo tu presencia en l\u00ednea al siguiente nivel, estaremos encantados de ayudarte a lograrlo. <\/span><span>\u00a1Cont\u00e1ctanos hoy mismo y descubre c\u00f3mo podemos impulsar tu \u00e9xito en el mundo digital!<\/span><\/p>\t\t\t\t\t\t<\/div>\n\t\t\t\t<\/div>\n\t\t\t\t\t<\/div>\n\t\t<\/div>\n\t\t\t\t\t\t\t<\/div>\n\t\t<\/section>\n\t\t\t\t\t<\/div>\n\t\t<\/div>\n\t\t\t\t\t\t\t<\/div>\n\t\t<\/section>\n\t\t\t\t\t\t\t<\/div>\n\t\t","protected":false},"excerpt":{"rendered":"<p>SOBRE NOSOTROS Nos complace presentarte nuestra empresa de servicios de tecnolog\u00eda de la informaci\u00f3n (IT). En nuestra empresa, nos dedicamos a ofrecer soluciones web de vanguardia y servicios personalizados para satisfacer las necesidades digitales de nuestros clientes. En primer lugar, nos enorgullece contar con un equipo altamente calificado de desarrolladores web y dise\u00f1adores creativos. Nuestros &hellip;<\/p>\n<p class=\"read-more\"> <a class=\"\" href=\"https:\/\/bissit.tech\/?page_id=367\"> <span class=\"screen-reader-text\">Sobre Nosotros<\/span> Leer m\u00e1s &raquo;<\/a><\/p>\n","protected":false},"author":2,"featured_media":0,"parent":0,"menu_order":0,"comment_status":"closed","ping_status":"closed","template":"","meta":{"om_disable_all_campaigns":false,"_mi_skip_tracking":false,"_monsterinsights_sitenote_active":false,"_monsterinsights_sitenote_note":"","_monsterinsights_sitenote_category":0,"site-sidebar-layout":"no-sidebar","site-content-layout":"page-builder","ast-global-header-display":"","ast-banner-title-visibility":"","ast-main-header-display":"","ast-hfb-above-header-display":"","ast-hfb-below-header-display":"","ast-hfb-mobile-header-display":"","site-post-title":"disabled","ast-breadcrumbs-content":"","ast-featured-img":"disabled","footer-sml-layout":"","theme-transparent-header-meta":"default","adv-header-id-meta":"","stick-header-meta":"","header-above-stick-meta":"","header-main-stick-meta":"","header-below-stick-meta":"","footnotes":""},"class_list":["post-367","page","type-page","status-publish","hentry"],"aioseo_notices":[],"_links":{"self":[{"href":"https:\/\/bissit.tech\/index.php?rest_route=\/wp\/v2\/pages\/367","targetHints":{"allow":["GET"]}}],"collection":[{"href":"https:\/\/bissit.tech\/index.php?rest_route=\/wp\/v2\/pages"}],"about":[{"href":"https:\/\/bissit.tech\/index.php?rest_route=\/wp\/v2\/types\/page"}],"author":[{"embeddable":true,"href":"https:\/\/bissit.tech\/index.php?rest_route=\/wp\/v2\/users\/2"}],"replies":[{"embeddable":true,"href":"https:\/\/bissit.tech\/index.php?rest_route=%2Fwp%2Fv2%2Fcomments&post=367"}],"version-history":[{"count":11,"href":"https:\/\/bissit.tech\/index.php?rest_route=\/wp\/v2\/pages\/367\/revisions"}],"predecessor-version":[{"id":614,"href":"https:\/\/bissit.tech\/index.php?rest_route=\/wp\/v2\/pages\/367\/revisions\/614"}],"wp:attachment":[{"href":"https:\/\/bissit.tech\/index.php?rest_route=%2Fwp%2Fv2%2Fmedia&parent=367"}],"curies":[{"name":"wp","href":"https:\/\/api.w.org\/{rel}","templated":true}]}}